{"id":512,"date":"2023-05-02T15:28:21","date_gmt":"2023-05-02T15:28:21","guid":{"rendered":"https:\/\/www.abgperitaciones.es\/?page_id=512"},"modified":"2023-05-08T12:33:26","modified_gmt":"2023-05-08T12:33:26","slug":"aviso-legal","status":"publish","type":"page","link":"https:\/\/www.abgperitaciones.es\/?page_id=512","title":{"rendered":"Aviso Legal"},"content":{"rendered":"\n<ol class=\"wp-block-list\">\n<li><strong>OBJETO<\/strong><\/li>\n<\/ol>\n\n\n\n<p>El presente aviso legal regula el uso y utilizaci\u00f3n del sitio web <a href=\"http:\/\/www.iniciativaformacion.net\">abgperitaciones.es<\/a>, del que es titular ALBERTO BARJOLA GOMEZ (en adelante, ABG PERITACIONES.<\/p>\n\n\n\n<p>La navegaci\u00f3n por el sitio web de ABG PERITACIONES le atribuye la condici\u00f3n de USUARIO del mismo y conlleva su aceptaci\u00f3n plena y sin reservas de todas y cada una de las condiciones publicadas en este aviso legal, advirtiendo de que dichas condiciones podr\u00e1n ser modificadas sin notificaci\u00f3n previa por parte de ABG PERITACIONES, en cuyo caso se proceder\u00e1 a su publicaci\u00f3n y aviso con la m\u00e1xima antelaci\u00f3n posible.<\/p>\n\n\n\n<p>Por ello es recomendable leer atentamente su contenido en caso de desear acceder y hacer uso de la informaci\u00f3n y de los servicios ofrecidos desde este sitio web.<\/p>\n\n\n\n<p>El usuario adem\u00e1s, se obliga a hacer un uso correcto del sitio web de conformidad con las leyes, la buena fe, el orden p\u00fablico, los usos del tr\u00e1fico y el presente Aviso Legal, y responder\u00e1 frente a ABG PERITACIONES o frente a terceros, de cualesquiera da\u00f1os y perjuicios que pudieran causarse como consecuencia del incumplimiento de dicha obligaci\u00f3n.<\/p>\n\n\n\n<p>Cualquier utilizaci\u00f3n distinta a la autorizada est\u00e1 expresamente prohibida, pudiendo ABG PERITACIONES denegar o retirar el acceso y su uso en cualquier momento.<\/p>\n\n\n\n<ol class=\"wp-block-list\">\n<li><strong>IDENTIFICACI\u00d3N<\/strong><\/li>\n<\/ol>\n\n\n\n<p>ABG PERITACIONES, en cumplimiento de la Ley 34\/2002, de 11 de julio, de Servicios de la Sociedad de la Informaci\u00f3n y de Comercio Electr\u00f3nico, le informa de que:<\/p>\n\n\n\n<ul class=\"wp-block-list\">\n<li>Su denominaci\u00f3n social es: ALBERTO BARJOLA GOMEZ<\/li>\n\n\n\n<li>Su nombre comercial es: ABG PERITACIONES.<\/li>\n\n\n\n<li>Su CIF es: 08868926B<\/li>\n\n\n\n<li>Su domicilio social est\u00e1 en: PLAZA EUGENIO CORTES QUIRELL, 14, 1\u00ba D, BADAJOZ<\/li>\n<\/ul>\n\n\n\n<ol class=\"wp-block-list\" start=\"2\">\n<li>COMUNICACIONES<\/li>\n<\/ol>\n\n\n\n<p>Para comunicarse con nosotros, ponemos a su disposici\u00f3n diferentes medios de contacto que detallamos a continuaci\u00f3n:<\/p>\n\n\n\n<ul class=\"wp-block-list\">\n<li>: (+34) 655&nbsp;78&nbsp;83&nbsp;57<\/li>\n\n\n\n<li>Email: abgperitaciones@gmail.com<\/li>\n\n\n\n<li>Direcci\u00f3n postal: PLAZA EUGENIO CORTES QUIRELL, 14, 1\u00ba D, BADAJOZ<\/li>\n<\/ul>\n\n\n\n<p>Todas las notificaciones y comunicaciones entre los usuarios e ABG PERITACIONES se considerar\u00e1n eficaces, a todos los efectos, cuando se realicen a trav\u00e9s de cualquier medio de los detallados anteriormente.<\/p>\n\n\n\n<ol class=\"wp-block-list\" start=\"3\">\n<li><strong>CONDICIONES DE ACCESO Y UTILIZACI\u00d3N DE LA WEB<\/strong><\/li>\n<\/ol>\n\n\n\n<p>El sitio web y sus servicios son de acceso libre y gratuito. No obstante, ABG PERITACIONES puede condicionar la utilizaci\u00f3n de algunos de los servicios ofrecidos en su web a la previa cumplimentaci\u00f3n del correspondiente formulario.<\/p>\n\n\n\n<p>El usuario garantiza la autenticidad y actualidad de todos aquellos datos que comunique a ABG PERITACIONES y ser\u00e1 el \u00fanico responsable de las manifestaciones falsas o inexactas que realice.<\/p>\n\n\n\n<p>El usuario se compromete expresamente a hacer un uso adecuado de los contenidos y servicios de ABG PERITACIONES y a no emplearlos para, entre otros:<\/p>\n\n\n\n<ol class=\"wp-block-list\">\n<li>Difundir contenidos delictivos, violentos, pornogr\u00e1ficos, racistas, xen\u00f3fobos, ofensivos, de apolog\u00eda del terrorismo o, en general, contrarios a la ley o al orden p\u00fablico.<\/li>\n\n\n\n<li>Introducir en la red virus inform\u00e1ticos o realizar actuaciones susceptibles de alterar, estropear, interrumpir o generar errores o da\u00f1os en los documentos electr\u00f3nicos, datos o sistemas f\u00edsicos y l\u00f3gicos de ABG PERITACIONESo de terceras personas; as\u00ed como obstaculizar el acceso de otros usuarios al sitio web y a sus servicios mediante el consumo masivo de los recursos inform\u00e1ticos a trav\u00e9s de los cuales ABG PERITACIONES presta sus servicios.<\/li>\n\n\n\n<li>Intentar acceder a las cuentas de correo electr\u00f3nico de otros usuarios o a \u00e1reas restringidas de los sistemas inform\u00e1ticos de ABG PERITACIONES o de terceros y, en su caso, extraer informaci\u00f3n.<\/li>\n\n\n\n<li>Vulnerar los derechos de propiedad intelectual o industrial, as\u00ed como violar la confidencialidad de la informaci\u00f3n de ABG PERITACIONES o de terceros.<\/li>\n\n\n\n<li>Suplantar la identidad de cualquier otro usuario.<\/li>\n\n\n\n<li>Reproducir, copiar, distribuir, poner a disposici\u00f3n de, o cualquier otra forma de comunicaci\u00f3n p\u00fablica, transformar o modificar los contenidos, a menos que se cuente con la autorizaci\u00f3n del titular de los correspondientes derechos o ello resulte legalmente permitido.<\/li>\n\n\n\n<li>Recabar datos con finalidad publicitaria y de remitir publicidad de cualquier clase y comunicaciones con fines de venta u otras de naturaleza comercial sin que medie su previa solicitud o consentimiento.<\/li>\n<\/ol>\n\n\n\n<p>Todos los contenidos del sitio web, como textos, fotograf\u00edas, gr\u00e1ficos, im\u00e1genes, iconos, tecnolog\u00eda, software, as\u00ed como su dise\u00f1o gr\u00e1fico y c\u00f3digos fuente, constituyen una obra cuya propiedad pertenece a ABG PERITACIONES, sin que puedan entenderse cedidos al usuario ninguno de los derechos de explotaci\u00f3n sobre los mismos m\u00e1s all\u00e1 de lo estrictamente necesario para el correcto uso de la web.<\/p>\n\n\n\n<p>En definitiva, los usuarios que accedan a este sitio web pueden visualizar los contenidos y efectuar, en su caso, copias privadas autorizadas siempre que los elementos reproducidos no sean cedidos posteriormente a terceros, ni se instalen a servidores conectados a redes, ni sean objeto de ning\u00fan tipo de explotaci\u00f3n.<\/p>\n\n\n\n<p>Asimismo, todas las marcas, nombres comerciales o signos distintivos de cualquier clase que aparecen en el sitio web son propiedad de ABG PERITACIONES, sin que pueda entenderse que el uso o acceso al mismo atribuya al usuario derecho alguno sobre los mismos.<\/p>\n\n\n\n<p>La distribuci\u00f3n, modificaci\u00f3n, cesi\u00f3n o comunicaci\u00f3n p\u00fablica de los contenidos y cualquier otro acto que no haya sido expresamente autorizado por el titular de los derechos de explotaci\u00f3n quedan prohibidos.<\/p>\n\n\n\n<p>El establecimiento de un hiperenlace no implica en ning\u00fan caso la existencia de relaciones entre ABG PERITACIONES y el propietario del sitio web en la que se establezca, ni la aceptaci\u00f3n y aprobaci\u00f3n por parte de ABG PERITACIONES de sus contenidos o servicios.<\/p>\n\n\n\n<p>ABG PERITACIONES no se responsabiliza del uso que cada usuario les d\u00e9 a los materiales puestos a disposici\u00f3n en este sitio web ni de las actuaciones que realice en base a los mismos.<\/p>\n\n\n\n<ol class=\"wp-block-list\" start=\"4\">\n<li><strong>RESPONSABILIDAD<\/strong><\/li>\n<\/ol>\n\n\n\n<p>El prestador se exime de cualquier tipo de responsabilidad derivada de la informaci\u00f3n publicada en su sitio web, siempre que esta informaci\u00f3n haya sido manipulada o introducida por un tercero ajeno al mismo.<\/p>\n\n\n\n<p>En el caso de que cualquier usuario o un tercero considere que existen hechos o circunstancias que revelen el car\u00e1cter il\u00edcito de la utilizaci\u00f3n de cualquier contenido y\/o de la realizaci\u00f3n de cualquier actividad en las p\u00e1ginas web incluidas o accesibles a trav\u00e9s del sitio web, deber\u00e1 enviar una notificaci\u00f3n al prestador identific\u00e1ndose debidamente y especificando las supuestas infracciones.<\/p>\n\n\n\n<ol class=\"wp-block-list\" start=\"5\">\n<li><strong>EXCLUSI\u00d3N DE GARANT\u00cdAS Y DE RESPONSABILIDAD EN EL ACCESO Y LA UTILIZACI\u00d3N<\/strong><\/li>\n<\/ol>\n\n\n\n<p>ABG PERITACIONES excluye, hasta donde permite el ordenamiento jur\u00eddico, cualquier responsabilidad por los da\u00f1os y perjuicios de toda naturaleza derivados de:<\/p>\n\n\n\n<ol class=\"wp-block-list\">\n<li>a) La imposibilidad de acceso al sitio web.<\/li>\n\n\n\n<li>b) El incumplimiento de las leyes, la buena fe, el orden p\u00fablico, los usos del tr\u00e1fico y el presente aviso legal como consecuencia del uso incorrecto del sitio web. En particular, y a modo ejemplificativo, ABG PERITACIONES no se hace responsable de las actuaciones de terceros que vulneren derechos de propiedad intelectual e industrial, secretos empresariales, derechos al honor, a la intimidad personal y familiar y a la propia imagen, as\u00ed como la normativa en materia de competencia desleal y publicidad il\u00edcita.<\/li>\n<\/ol>\n\n\n\n<p>Asimismo, ABG PERITACIONES declina cualquier responsabilidad respecto a la informaci\u00f3n que se halle fuera de esta web y no sea gestionada directamente por nuestro webmaster. La funci\u00f3n de los links que aparecen en esta web es exclusivamente la de informar al usuario sobre la existencia de otras fuentes susceptibles de ampliar los contenidos que ofrece este sitio web. ABG PERITACIONES no garantiza ni se responsabiliza del funcionamiento o accesibilidad de los sitios enlazados; ni sugiere, invita o recomienda la visita a los mismos, por lo que tampoco ser\u00e1 responsable del resultado obtenido. ABG PERITACIONES no se responsabiliza del establecimiento de hiperv\u00ednculos por parte de terceros.<\/p>\n\n\n\n<ol class=\"wp-block-list\" start=\"6\">\n<li><strong>PROCEDIMIENTO EN CASO DE REALIZACI\u00d3N DE ACTIVIDADES DE CAR\u00c1CTER IL\u00cdCITO<\/strong><\/li>\n<\/ol>\n\n\n\n<p>En el caso de que cualquier usuario o un tercero considere que existen hechos o circunstancias que revelen el car\u00e1cter il\u00edcito de la utilizaci\u00f3n de cualquier contenido y\/o de la realizaci\u00f3n de cualquier actividad en las p\u00e1ginas web incluidas o accesibles a trav\u00e9s del sitio web, deber\u00e1 enviar una notificaci\u00f3n a ABG PERITACIONES identific\u00e1ndose debidamente y especificando las supuestas infracciones.<\/p>\n\n\n\n<ol class=\"wp-block-list\" start=\"7\">\n<li><strong>PUBLICACIONES<\/strong><\/li>\n<\/ol>\n\n\n\n<p>La informaci\u00f3n administrativa facilitada a trav\u00e9s del sitio web no sustituye la publicidad legal de las leyes, normativas, planes, disposiciones generales y actos que tengan que ser publicados formalmente a los diarios oficiales de las administraciones p\u00fablicas, que constituyen el \u00fanico instrumento que da fe de su autenticidad y contenido. La informaci\u00f3n disponible en este sitio web debe entenderse como una gu\u00eda sin prop\u00f3sito de validez legal.<\/p>\n\n\n\n<ol class=\"wp-block-list\" start=\"8\">\n<li><strong>POLITICAS DE ENLACES<\/strong><\/li>\n<\/ol>\n\n\n\n<p>Desde el sitio web, es posible que se redirija a contenidos de terceros sitios web. Dado que el prestador no puede controlar siempre los contenidos introducidos por los terceros en sus sitios web, no implica en ning\u00fan caso la existencia de relaci\u00f3n entre el prestador y el propietario del sitio web en la que se establezca, ni aceptaci\u00f3n o aprobaci\u00f3n de sus contenidos o servicios. Desde esta web, no asume ning\u00fan tipo de responsabilidad respecto a dichos contenidos. En todo caso, el prestador manifiesta que proceder\u00e1 a la retirada inmediata de cualquier contenido que pudiera contravenir la legislaci\u00f3n nacional o internacional, la moral o el orden p\u00fablico, procediendo a la retirada inmediata de la redirecci\u00f3n a dicho sitio web, poniendo en conocimiento de las autoridades competentes el contenido en cuesti\u00f3n.<\/p>\n\n\n\n<ol class=\"wp-block-list\" start=\"9\">\n<li><strong>PROPIEDAD INTELECTUAL<\/strong><\/li>\n<\/ol>\n\n\n\n<p>El sitio web, incluyendo dise\u00f1os, logotipos, texto y\/o gr\u00e1ficos que son propiedad del prestador o en su caso dispone de licencia o autorizaci\u00f3n expresa por parte de los autores. Todos los contenidos del sitio web se encuentran debidamente protegidos por la normativa de propiedad intelectual e industrial, as\u00ed como inscritos en los registros p\u00fablicos correspondientes.<\/p>\n\n\n\n<p>Los dise\u00f1os, logotipos, texto y\/o gr\u00e1ficos ajenos al prestador y que pudieran aparecer en el sitio web, pertenecen a sus respectivos propietarios, siendo ellos mismos responsables de cualquier posible controversia que pudiera suscitarse respecto a los mismos. En todo caso, el prestador cuenta con la autorizaci\u00f3n expresa y previa por parte de los mismos.<\/p>\n\n\n\n<ol class=\"wp-block-list\" start=\"10\">\n<li><strong>LEY APLICABLE Y JURISDICCION<\/strong><\/li>\n<\/ol>\n\n\n\n<p>Las condiciones presentes se regir\u00e1n por la legislaci\u00f3n espa\u00f1ola vigente.<\/p>\n\n\n\n<p>La lengua utilizada ser\u00e1 el Castellano.<\/p>\n","protected":false},"excerpt":{"rendered":"<p>El presente aviso legal regula el uso y utilizaci\u00f3n del sitio web abgperitaciones.es, del que es titular ALBERTO BARJOLA GOMEZ (en adelante, ABG PERITACIONES. La navegaci\u00f3n por el sitio web de ABG PERITACIONES le atribuye la condici\u00f3n de USUARIO del mismo y conlleva su aceptaci\u00f3n plena y sin reservas de todas y cada una de &hellip;<\/p>\n<p class=\"read-more\"> <a class=\"\" href=\"https:\/\/www.abgperitaciones.es\/?page_id=512\"> <span class=\"screen-reader-text\">Aviso Legal<\/span> Leer m\u00e1s &raquo;<\/a><\/p>\n","protected":false},"author":1,"featured_media":0,"parent":0,"menu_order":0,"comment_status":"closed","ping_status":"closed","template":"elementor_header_footer","meta":{"site-sidebar-layout":"default","site-content-layout":"default","ast-global-header-display":"","ast-main-header-display":"","ast-hfb-above-header-display":"","ast-hfb-below-header-display":"","ast-hfb-mobile-header-display":"","site-post-title":"","ast-breadcrumbs-content":"","ast-featured-img":"","footer-sml-layout":"","theme-transparent-header-meta":"","adv-header-id-meta":"","stick-header-meta":"","header-above-stick-meta":"","header-main-stick-meta":"","header-below-stick-meta":"","footnotes":""},"class_list":["post-512","page","type-page","status-publish","hentry"],"yoast_head":"<!-- This site is optimized with the Yoast SEO Premium plugin v17.9 (Yoast SEO v20.5) - https:\/\/yoast.com\/wordpress\/plugins\/seo\/ -->\n<title>Aviso Legal - ABG Peritaciones<\/title>\n<meta name=\"robots\" content=\"index, follow, max-snippet:-1, max-image-preview:large, max-video-preview:-1\" \/>\n<link rel=\"canonical\" href=\"https:\/\/www.abgperitaciones.es\/?page_id=512\" \/>\n<meta property=\"og:locale\" content=\"es_ES\" \/>\n<meta property=\"og:type\" content=\"article\" \/>\n<meta property=\"og:title\" content=\"Aviso Legal\" \/>\n<meta property=\"og:description\" content=\"El presente aviso legal regula el uso y utilizaci\u00f3n del sitio web abgperitaciones.es, del que es titular ALBERTO BARJOLA GOMEZ (en adelante, ABG PERITACIONES. La navegaci\u00f3n por el sitio web de ABG PERITACIONES le atribuye la condici\u00f3n de USUARIO del mismo y conlleva su aceptaci\u00f3n plena y sin reservas de todas y cada una de &hellip; Aviso Legal Leer m\u00e1s &raquo;\" \/>\n<meta property=\"og:url\" content=\"https:\/\/www.abgperitaciones.es\/?page_id=512\" \/>\n<meta property=\"og:site_name\" content=\"ABG Peritaciones\" \/>\n<meta property=\"article:modified_time\" content=\"2023-05-08T12:33:26+00:00\" \/>\n<meta name=\"twitter:card\" content=\"summary_large_image\" \/>\n<meta name=\"twitter:label1\" content=\"Tiempo de lectura\" \/>\n\t<meta name=\"twitter:data1\" content=\"8 minutos\" \/>\n<script type=\"application\/ld+json\" class=\"yoast-schema-graph\">{\"@context\":\"https:\/\/schema.org\",\"@graph\":[{\"@type\":\"WebPage\",\"@id\":\"https:\/\/www.abgperitaciones.es\/?page_id=512\",\"url\":\"https:\/\/www.abgperitaciones.es\/?page_id=512\",\"name\":\"Aviso Legal - ABG Peritaciones\",\"isPartOf\":{\"@id\":\"https:\/\/www.abgperitaciones.es\/#website\"},\"datePublished\":\"2023-05-02T15:28:21+00:00\",\"dateModified\":\"2023-05-08T12:33:26+00:00\",\"breadcrumb\":{\"@id\":\"https:\/\/www.abgperitaciones.es\/?page_id=512#breadcrumb\"},\"inLanguage\":\"es\",\"potentialAction\":[{\"@type\":\"ReadAction\",\"target\":[\"https:\/\/www.abgperitaciones.es\/?page_id=512\"]}]},{\"@type\":\"BreadcrumbList\",\"@id\":\"https:\/\/www.abgperitaciones.es\/?page_id=512#breadcrumb\",\"itemListElement\":[{\"@type\":\"ListItem\",\"position\":1,\"name\":\"ABG Peritaciones\",\"item\":\"https:\/\/www.abgperitaciones.es\/\"},{\"@type\":\"ListItem\",\"position\":2,\"name\":\"Aviso Legal\"}]},{\"@type\":\"WebSite\",\"@id\":\"https:\/\/www.abgperitaciones.es\/#website\",\"url\":\"https:\/\/www.abgperitaciones.es\/\",\"name\":\"ABG Peritaciones.com\",\"description\":\"Perito profesional inmobiliario y veh\u00edculos\",\"publisher\":{\"@id\":\"https:\/\/www.abgperitaciones.es\/#organization\"},\"potentialAction\":[{\"@type\":\"SearchAction\",\"target\":{\"@type\":\"EntryPoint\",\"urlTemplate\":\"https:\/\/www.abgperitaciones.es\/?s={search_term_string}\"},\"query-input\":\"required name=search_term_string\"}],\"inLanguage\":\"es\"},{\"@type\":\"Organization\",\"@id\":\"https:\/\/www.abgperitaciones.es\/#organization\",\"name\":\"ABG Peritaciones.com\",\"url\":\"https:\/\/www.abgperitaciones.es\/\",\"logo\":{\"@type\":\"ImageObject\",\"inLanguage\":\"es\",\"@id\":\"https:\/\/www.abgperitaciones.es\/#\/schema\/logo\/image\/\",\"url\":\"https:\/\/www.abgperitaciones.es\/wp-content\/uploads\/2023\/04\/Logo-ABG.png\",\"contentUrl\":\"https:\/\/www.abgperitaciones.es\/wp-content\/uploads\/2023\/04\/Logo-ABG.png\",\"width\":653,\"height\":110,\"caption\":\"ABG Peritaciones.com\"},\"image\":{\"@id\":\"https:\/\/www.abgperitaciones.es\/#\/schema\/logo\/image\/\"}}]}<\/script>\n<!-- \/ Yoast SEO Premium plugin. -->","yoast_head_json":{"title":"Aviso Legal - ABG Peritaciones","robots":{"index":"index","follow":"follow","max-snippet":"max-snippet:-1","max-image-preview":"max-image-preview:large","max-video-preview":"max-video-preview:-1"},"canonical":"https:\/\/www.abgperitaciones.es\/?page_id=512","og_locale":"es_ES","og_type":"article","og_title":"Aviso Legal","og_description":"El presente aviso legal regula el uso y utilizaci\u00f3n del sitio web abgperitaciones.es, del que es titular ALBERTO BARJOLA GOMEZ (en adelante, ABG PERITACIONES. La navegaci\u00f3n por el sitio web de ABG PERITACIONES le atribuye la condici\u00f3n de USUARIO del mismo y conlleva su aceptaci\u00f3n plena y sin reservas de todas y cada una de &hellip; Aviso Legal Leer m\u00e1s &raquo;","og_url":"https:\/\/www.abgperitaciones.es\/?page_id=512","og_site_name":"ABG Peritaciones","article_modified_time":"2023-05-08T12:33:26+00:00","twitter_card":"summary_large_image","twitter_misc":{"Tiempo de lectura":"8 minutos"},"schema":{"@context":"https:\/\/schema.org","@graph":[{"@type":"WebPage","@id":"https:\/\/www.abgperitaciones.es\/?page_id=512","url":"https:\/\/www.abgperitaciones.es\/?page_id=512","name":"Aviso Legal - ABG Peritaciones","isPartOf":{"@id":"https:\/\/www.abgperitaciones.es\/#website"},"datePublished":"2023-05-02T15:28:21+00:00","dateModified":"2023-05-08T12:33:26+00:00","breadcrumb":{"@id":"https:\/\/www.abgperitaciones.es\/?page_id=512#breadcrumb"},"inLanguage":"es","potentialAction":[{"@type":"ReadAction","target":["https:\/\/www.abgperitaciones.es\/?page_id=512"]}]},{"@type":"BreadcrumbList","@id":"https:\/\/www.abgperitaciones.es\/?page_id=512#breadcrumb","itemListElement":[{"@type":"ListItem","position":1,"name":"ABG Peritaciones","item":"https:\/\/www.abgperitaciones.es\/"},{"@type":"ListItem","position":2,"name":"Aviso Legal"}]},{"@type":"WebSite","@id":"https:\/\/www.abgperitaciones.es\/#website","url":"https:\/\/www.abgperitaciones.es\/","name":"ABG Peritaciones.com","description":"Perito profesional inmobiliario y veh\u00edculos","publisher":{"@id":"https:\/\/www.abgperitaciones.es\/#organization"},"potentialAction":[{"@type":"SearchAction","target":{"@type":"EntryPoint","urlTemplate":"https:\/\/www.abgperitaciones.es\/?s={search_term_string}"},"query-input":"required name=search_term_string"}],"inLanguage":"es"},{"@type":"Organization","@id":"https:\/\/www.abgperitaciones.es\/#organization","name":"ABG Peritaciones.com","url":"https:\/\/www.abgperitaciones.es\/","logo":{"@type":"ImageObject","inLanguage":"es","@id":"https:\/\/www.abgperitaciones.es\/#\/schema\/logo\/image\/","url":"https:\/\/www.abgperitaciones.es\/wp-content\/uploads\/2023\/04\/Logo-ABG.png","contentUrl":"https:\/\/www.abgperitaciones.es\/wp-content\/uploads\/2023\/04\/Logo-ABG.png","width":653,"height":110,"caption":"ABG Peritaciones.com"},"image":{"@id":"https:\/\/www.abgperitaciones.es\/#\/schema\/logo\/image\/"}}]}},"_links":{"self":[{"href":"https:\/\/www.abgperitaciones.es\/index.php?rest_route=\/wp\/v2\/pages\/512","targetHints":{"allow":["GET"]}}],"collection":[{"href":"https:\/\/www.abgperitaciones.es\/index.php?rest_route=\/wp\/v2\/pages"}],"about":[{"href":"https:\/\/www.abgperitaciones.es\/index.php?rest_route=\/wp\/v2\/types\/page"}],"author":[{"embeddable":true,"href":"https:\/\/www.abgperitaciones.es\/index.php?rest_route=\/wp\/v2\/users\/1"}],"replies":[{"embeddable":true,"href":"https:\/\/www.abgperitaciones.es\/index.php?rest_route=%2Fwp%2Fv2%2Fcomments&post=512"}],"version-history":[{"count":2,"href":"https:\/\/www.abgperitaciones.es\/index.php?rest_route=\/wp\/v2\/pages\/512\/revisions"}],"predecessor-version":[{"id":521,"href":"https:\/\/www.abgperitaciones.es\/index.php?rest_route=\/wp\/v2\/pages\/512\/revisions\/521"}],"wp:attachment":[{"href":"https:\/\/www.abgperitaciones.es\/index.php?rest_route=%2Fwp%2Fv2%2Fmedia&parent=512"}],"curies":[{"name":"wp","href":"https:\/\/api.w.org\/{rel}","templated":true}]}}