{"id":11,"date":"2020-05-22T08:58:30","date_gmt":"2020-05-22T08:58:30","guid":{"rendered":"https:\/\/www.abgperitaciones.es\/?page_id=11"},"modified":"2023-04-28T22:14:19","modified_gmt":"2023-04-28T22:14:19","slug":"about","status":"publish","type":"page","link":"https:\/\/www.abgperitaciones.es\/?page_id=11","title":{"rendered":"ABG"},"content":{"rendered":"\t\t<div data-elementor-type=\"wp-page\" data-elementor-id=\"11\" class=\"elementor elementor-11\">\n\t\t\t\t\t\t\t\t\t<section class=\"elementor-section elementor-top-section elementor-element elementor-element-b25f19f elementor-section-height-min-height elementor-section-boxed elementor-section-height-default elementor-section-items-middle\" data-id=\"b25f19f\" data-element_type=\"section\" data-settings=\"{&quot;background_background&quot;:&quot;classic&quot;}\">\n\t\t\t\t\t\t\t<div class=\"elementor-background-overlay\"><\/div>\n\t\t\t\t\t\t\t<div class=\"elementor-container elementor-column-gap-no\">\n\t\t\t\t\t<div class=\"elementor-column elementor-col-100 elementor-top-column elementor-element elementor-element-1cf4b2a\" data-id=\"1cf4b2a\" data-element_type=\"column\">\n\t\t\t<div class=\"elementor-widget-wrap elementor-element-populated\">\n\t\t\t\t\t\t\t\t<div class=\"elementor-element elementor-element-2821230 elementor-widget elementor-widget-heading\" data-id=\"2821230\" data-element_type=\"widget\" data-widget_type=\"heading.default\">\n\t\t\t\t<div class=\"elementor-widget-container\">\n\t\t\t<style>\/*! elementor - v3.12.2 - 23-04-2023 *\/\n.elementor-heading-title{padding:0;margin:0;line-height:1}.elementor-widget-heading .elementor-heading-title[class*=elementor-size-]>a{color:inherit;font-size:inherit;line-height:inherit}.elementor-widget-heading .elementor-heading-title.elementor-size-small{font-size:15px}.elementor-widget-heading .elementor-heading-title.elementor-size-medium{font-size:19px}.elementor-widget-heading .elementor-heading-title.elementor-size-large{font-size:29px}.elementor-widget-heading .elementor-heading-title.elementor-size-xl{font-size:39px}.elementor-widget-heading .elementor-heading-title.elementor-size-xxl{font-size:59px}<\/style><h1 class=\"elementor-heading-title elementor-size-default\">ABG peritaciones<\/h1>\t\t<\/div>\n\t\t\t\t<\/div>\n\t\t\t\t\t<\/div>\n\t\t<\/div>\n\t\t\t\t\t\t\t<\/div>\n\t\t<\/section>\n\t\t\t\t<section class=\"elementor-section elementor-top-section elementor-element elementor-element-3e34108 elementor-section-content-middle elementor-section-boxed elementor-section-height-default elementor-section-height-default\" data-id=\"3e34108\" data-element_type=\"section\">\n\t\t\t\t\t\t\t<div class=\"elementor-background-overlay\"><\/div>\n\t\t\t\t\t\t\t<div class=\"elementor-container elementor-column-gap-no\">\n\t\t\t\t\t<div class=\"elementor-column elementor-col-50 elementor-top-column elementor-element elementor-element-7db542d\" data-id=\"7db542d\" data-element_type=\"column\" data-settings=\"{&quot;background_background&quot;:&quot;classic&quot;}\">\n\t\t\t<div class=\"elementor-widget-wrap elementor-element-populated\">\n\t\t\t\t\t\t\t\t<div class=\"elementor-element elementor-element-dc818f3 elementor-widget elementor-widget-heading\" data-id=\"dc818f3\" data-element_type=\"widget\" data-widget_type=\"heading.default\">\n\t\t\t\t<div class=\"elementor-widget-container\">\n\t\t\t<h3 class=\"elementor-heading-title elementor-size-default\">Mi formaci\u00f3n:<\/h3>\t\t<\/div>\n\t\t\t\t<\/div>\n\t\t\t\t<div class=\"elementor-element elementor-element-89b918b elementor-widget elementor-widget-text-editor\" data-id=\"89b918b\" data-element_type=\"widget\" data-widget_type=\"text-editor.default\">\n\t\t\t\t<div class=\"elementor-widget-container\">\n\t\t\t<style>\/*! elementor - v3.12.2 - 23-04-2023 *\/\n.elementor-widget-text-editor.elementor-drop-cap-view-stacked .elementor-drop-cap{background-color:#69727d;color:#fff}.elementor-widget-text-editor.elementor-drop-cap-view-framed .elementor-drop-cap{color:#69727d;border:3px solid;background-color:transparent}.elementor-widget-text-editor:not(.elementor-drop-cap-view-default) .elementor-drop-cap{margin-top:8px}.elementor-widget-text-editor:not(.elementor-drop-cap-view-default) .elementor-drop-cap-letter{width:1em;height:1em}.elementor-widget-text-editor .elementor-drop-cap{float:left;text-align:center;line-height:1;font-size:50px}.elementor-widget-text-editor .elementor-drop-cap-letter{display:inline-block}<\/style>\t\t\t\t<ul><li>T\u00e9cnico superior en automoci\u00f3n<\/li><li>Graduado en Derecho<\/li><li>Perito judicial tasador de veh\u00edculos<\/li><li>Perito judicial de tasaci\u00f3n inmobiliaria<\/li><li>Perito judicial experto en reconstrucci\u00f3n de accidentes<\/li><li>Perito judicial expertos en seguros<\/li><\/ul>\t\t\t\t\t\t<\/div>\n\t\t\t\t<\/div>\n\t\t\t\t\t<\/div>\n\t\t<\/div>\n\t\t\t\t<div class=\"elementor-column elementor-col-50 elementor-top-column elementor-element elementor-element-eda7be3\" data-id=\"eda7be3\" data-element_type=\"column\">\n\t\t\t<div class=\"elementor-widget-wrap elementor-element-populated\">\n\t\t\t\t\t\t\t\t<div class=\"elementor-element elementor-element-a676c85 elementor-widget elementor-widget-heading\" data-id=\"a676c85\" data-element_type=\"widget\" data-widget_type=\"heading.default\">\n\t\t\t\t<div class=\"elementor-widget-container\">\n\t\t\t<h4 class=\"elementor-heading-title elementor-size-default\">Advice on comprehensive legal solutions proin gravida nibh vel velit auctor. Nemo enim ipsam voluptatem quia voluptas sit aspernatur aut odit aut fugit.<\/h4>\t\t<\/div>\n\t\t\t\t<\/div>\n\t\t\t\t\t<\/div>\n\t\t<\/div>\n\t\t\t\t\t\t\t<\/div>\n\t\t<\/section>\n\t\t\t\t<section class=\"elementor-section elementor-top-section elementor-element elementor-element-de9e5e7 elementor-section-boxed elementor-section-height-default elementor-section-height-default\" data-id=\"de9e5e7\" data-element_type=\"section\" data-settings=\"{&quot;background_background&quot;:&quot;classic&quot;,&quot;shape_divider_top&quot;:&quot;tilt&quot;,&quot;shape_divider_bottom&quot;:&quot;tilt&quot;}\">\n\t\t\t\t\t<div class=\"elementor-shape elementor-shape-top\" data-negative=\"false\">\n\t\t\t<svg xmlns=\"http:\/\/www.w3.org\/2000\/svg\" viewBox=\"0 0 1000 100\" preserveAspectRatio=\"none\">\n\t<path class=\"elementor-shape-fill\" d=\"M0,6V0h1000v100L0,6z\"\/>\n<\/svg>\t\t<\/div>\n\t\t\t\t<div class=\"elementor-shape elementor-shape-bottom\" data-negative=\"false\">\n\t\t\t<svg xmlns=\"http:\/\/www.w3.org\/2000\/svg\" viewBox=\"0 0 1000 100\" preserveAspectRatio=\"none\">\n\t<path class=\"elementor-shape-fill\" d=\"M0,6V0h1000v100L0,6z\"\/>\n<\/svg>\t\t<\/div>\n\t\t\t\t\t<div class=\"elementor-container elementor-column-gap-no\">\n\t\t\t\t\t<div class=\"elementor-column elementor-col-100 elementor-top-column elementor-element elementor-element-9c29a21\" data-id=\"9c29a21\" data-element_type=\"column\">\n\t\t\t<div class=\"elementor-widget-wrap\">\n\t\t\t\t\t\t\t\t\t<\/div>\n\t\t<\/div>\n\t\t\t\t\t\t\t<\/div>\n\t\t<\/section>\n\t\t\t\t<section class=\"elementor-section elementor-top-section elementor-element elementor-element-5dbe9ad elementor-section-content-bottom elementor-section-boxed elementor-section-height-default elementor-section-height-default\" data-id=\"5dbe9ad\" data-element_type=\"section\">\n\t\t\t\t\t\t\t<div class=\"elementor-background-overlay\"><\/div>\n\t\t\t\t\t\t\t<div class=\"elementor-container elementor-column-gap-no\">\n\t\t\t\t\t<div class=\"elementor-column elementor-col-50 elementor-top-column elementor-element elementor-element-0185ca8\" data-id=\"0185ca8\" data-element_type=\"column\">\n\t\t\t<div class=\"elementor-widget-wrap elementor-element-populated\">\n\t\t\t\t\t\t\t\t<div class=\"elementor-element elementor-element-f53f5ff elementor-widget elementor-widget-image\" data-id=\"f53f5ff\" data-element_type=\"widget\" data-widget_type=\"image.default\">\n\t\t\t\t<div class=\"elementor-widget-container\">\n\t\t\t<style>\/*! elementor - v3.12.2 - 23-04-2023 *\/\n.elementor-widget-image{text-align:center}.elementor-widget-image a{display:inline-block}.elementor-widget-image a img[src$=\".svg\"]{width:48px}.elementor-widget-image img{vertical-align:middle;display:inline-block}<\/style>\t\t\t\t\t\t\t\t\t\t\t\t<img loading=\"lazy\" decoding=\"async\" width=\"330\" height=\"270\" src=\"https:\/\/www.abgperitaciones.es\/wp-content\/uploads\/2023\/04\/albertogarciabarjolaweb.jpg\" class=\"attachment-full size-full wp-image-415\" alt=\"\" srcset=\"https:\/\/www.abgperitaciones.es\/wp-content\/uploads\/2023\/04\/albertogarciabarjolaweb.jpg 330w, https:\/\/www.abgperitaciones.es\/wp-content\/uploads\/2023\/04\/albertogarciabarjolaweb-300x245.jpg 300w\" sizes=\"auto, (max-width: 330px) 100vw, 330px\" \/>\t\t\t\t\t\t\t\t\t\t\t\t\t\t\t<\/div>\n\t\t\t\t<\/div>\n\t\t\t\t\t<\/div>\n\t\t<\/div>\n\t\t\t\t<div class=\"elementor-column elementor-col-50 elementor-top-column elementor-element elementor-element-386cf2b\" data-id=\"386cf2b\" data-element_type=\"column\">\n\t\t\t<div class=\"elementor-widget-wrap elementor-element-populated\">\n\t\t\t\t\t\t\t\t<div class=\"elementor-element elementor-element-bdd17a8 elementor-widget__width-initial elementor-widget elementor-widget-heading\" data-id=\"bdd17a8\" data-element_type=\"widget\" data-widget_type=\"heading.default\">\n\t\t\t\t<div class=\"elementor-widget-container\">\n\t\t\t<h2 class=\"elementor-heading-title elementor-size-default\">ALBERTO BARJOLA G\u00d3MEZ<\/h2>\t\t<\/div>\n\t\t\t\t<\/div>\n\t\t\t\t<div class=\"elementor-element elementor-element-cfafa4e elementor-widget elementor-widget-heading\" data-id=\"cfafa4e\" data-element_type=\"widget\" data-widget_type=\"heading.default\">\n\t\t\t\t<div class=\"elementor-widget-container\">\n\t\t\t<h5 class=\"elementor-heading-title elementor-size-default\">COLEGIADO N\u00ba 1452 POR LA ASOCIACI\u00d3N PROFESIONAL COLEGIAL DE PERITOS JUDICIALES DEL REINO DE ESPA\u00d1A<\/h5>\t\t<\/div>\n\t\t\t\t<\/div>\n\t\t\t\t<div class=\"elementor-element elementor-element-a728ed3 elementor-widget elementor-widget-heading\" data-id=\"a728ed3\" data-element_type=\"widget\" data-widget_type=\"heading.default\">\n\t\t\t\t<div class=\"elementor-widget-container\">\n\t\t\t<h5 class=\"elementor-heading-title elementor-size-default\">Proin gravida nibh vel velit auctor aliquet. Aenean sollicitudin, lorem quis bibendum auctor, nisi elit consequat ipsum, nec sagittis.<\/h5>\t\t<\/div>\n\t\t\t\t<\/div>\n\t\t\t\t<div class=\"elementor-element elementor-element-fd6d251 elementor-widget elementor-widget-text-editor\" data-id=\"fd6d251\" data-element_type=\"widget\" data-widget_type=\"text-editor.default\">\n\t\t\t\t<div class=\"elementor-widget-container\">\n\t\t\t\t\t\t\t<p>Proin gravida nibh vel velit auctor aliquet. Aenean sollicitudin, lorem quis bibendum auctor, nisi elit consequat ipsum, nec sagittis sem nibh id elit. Duis sed odio sit amet nibh vulputate cursus a sit amet mauris enim ipsam voluptatem.<\/p>\t\t\t\t\t\t<\/div>\n\t\t\t\t<\/div>\n\t\t\t\t\t<\/div>\n\t\t<\/div>\n\t\t\t\t\t\t\t<\/div>\n\t\t<\/section>\n\t\t\t\t\t\t\t<\/div>\n\t\t","protected":false},"excerpt":{"rendered":"<p>ABG peritaciones Mi formaci\u00f3n: T\u00e9cnico superior en automoci\u00f3n Graduado en Derecho Perito judicial tasador de veh\u00edculos Perito judicial de tasaci\u00f3n inmobiliaria Perito judicial experto en reconstrucci\u00f3n de accidentes Perito judicial expertos en seguros Advice on comprehensive legal solutions proin gravida nibh vel velit auctor. Nemo enim ipsam voluptatem quia voluptas sit aspernatur aut odit aut &hellip;<\/p>\n<p class=\"read-more\"> <a class=\"\" href=\"https:\/\/www.abgperitaciones.es\/?page_id=11\"> <span class=\"screen-reader-text\">ABG<\/span> Leer m\u00e1s &raquo;<\/a><\/p>\n","protected":false},"author":1,"featured_media":0,"parent":0,"menu_order":0,"comment_status":"closed","ping_status":"closed","template":"","meta":{"site-sidebar-layout":"no-sidebar","site-content-layout":"page-builder","ast-global-header-display":"","ast-main-header-display":"","ast-hfb-above-header-display":"","ast-hfb-below-header-display":"","ast-hfb-mobile-header-display":"","site-post-title":"disabled","ast-breadcrumbs-content":"disabled","ast-featured-img":"disabled","footer-sml-layout":"disabled","theme-transparent-header-meta":"enabled","adv-header-id-meta":"","stick-header-meta":"","header-above-stick-meta":"","header-main-stick-meta":"","header-below-stick-meta":"","footnotes":""},"class_list":["post-11","page","type-page","status-publish","hentry"],"yoast_head":"<!-- This site is optimized with the Yoast SEO Premium plugin v17.9 (Yoast SEO v20.5) - https:\/\/yoast.com\/wordpress\/plugins\/seo\/ -->\n<title>ABG - ABG Peritaciones<\/title>\n<meta name=\"robots\" content=\"index, follow, max-snippet:-1, max-image-preview:large, max-video-preview:-1\" \/>\n<link rel=\"canonical\" href=\"https:\/\/www.abgperitaciones.es\/?page_id=11\" \/>\n<meta property=\"og:locale\" content=\"es_ES\" \/>\n<meta property=\"og:type\" content=\"article\" \/>\n<meta property=\"og:title\" content=\"ABG\" \/>\n<meta property=\"og:description\" content=\"ABG peritaciones Mi formaci\u00f3n: T\u00e9cnico superior en automoci\u00f3n Graduado en Derecho Perito judicial tasador de veh\u00edculos Perito judicial de tasaci\u00f3n inmobiliaria Perito judicial experto en reconstrucci\u00f3n de accidentes Perito judicial expertos en seguros Advice on comprehensive legal solutions proin gravida nibh vel velit auctor. Nemo enim ipsam voluptatem quia voluptas sit aspernatur aut odit aut &hellip; ABG Leer m\u00e1s &raquo;\" \/>\n<meta property=\"og:url\" content=\"https:\/\/www.abgperitaciones.es\/?page_id=11\" \/>\n<meta property=\"og:site_name\" content=\"ABG Peritaciones\" \/>\n<meta property=\"article:modified_time\" content=\"2023-04-28T22:14:19+00:00\" \/>\n<meta property=\"og:image\" content=\"https:\/\/www.abgperitaciones.es\/wp-content\/uploads\/2023\/04\/albertogarciabarjolaweb.jpg\" \/>\n<meta name=\"twitter:card\" content=\"summary_large_image\" \/>\n<meta name=\"twitter:label1\" content=\"Tiempo de lectura\" \/>\n\t<meta name=\"twitter:data1\" content=\"1 minuto\" \/>\n<script type=\"application\/ld+json\" class=\"yoast-schema-graph\">{\"@context\":\"https:\/\/schema.org\",\"@graph\":[{\"@type\":\"WebPage\",\"@id\":\"https:\/\/www.abgperitaciones.es\/?page_id=11\",\"url\":\"https:\/\/www.abgperitaciones.es\/?page_id=11\",\"name\":\"ABG - ABG Peritaciones\",\"isPartOf\":{\"@id\":\"https:\/\/www.abgperitaciones.es\/#website\"},\"datePublished\":\"2020-05-22T08:58:30+00:00\",\"dateModified\":\"2023-04-28T22:14:19+00:00\",\"breadcrumb\":{\"@id\":\"https:\/\/www.abgperitaciones.es\/?page_id=11#breadcrumb\"},\"inLanguage\":\"es\",\"potentialAction\":[{\"@type\":\"ReadAction\",\"target\":[\"https:\/\/www.abgperitaciones.es\/?page_id=11\"]}]},{\"@type\":\"BreadcrumbList\",\"@id\":\"https:\/\/www.abgperitaciones.es\/?page_id=11#breadcrumb\",\"itemListElement\":[{\"@type\":\"ListItem\",\"position\":1,\"name\":\"ABG Peritaciones\",\"item\":\"https:\/\/www.abgperitaciones.es\/\"},{\"@type\":\"ListItem\",\"position\":2,\"name\":\"ABG\"}]},{\"@type\":\"WebSite\",\"@id\":\"https:\/\/www.abgperitaciones.es\/#website\",\"url\":\"https:\/\/www.abgperitaciones.es\/\",\"name\":\"ABG Peritaciones.com\",\"description\":\"Perito profesional inmobiliario y veh\u00edculos\",\"publisher\":{\"@id\":\"https:\/\/www.abgperitaciones.es\/#organization\"},\"potentialAction\":[{\"@type\":\"SearchAction\",\"target\":{\"@type\":\"EntryPoint\",\"urlTemplate\":\"https:\/\/www.abgperitaciones.es\/?s={search_term_string}\"},\"query-input\":\"required name=search_term_string\"}],\"inLanguage\":\"es\"},{\"@type\":\"Organization\",\"@id\":\"https:\/\/www.abgperitaciones.es\/#organization\",\"name\":\"ABG Peritaciones.com\",\"url\":\"https:\/\/www.abgperitaciones.es\/\",\"logo\":{\"@type\":\"ImageObject\",\"inLanguage\":\"es\",\"@id\":\"https:\/\/www.abgperitaciones.es\/#\/schema\/logo\/image\/\",\"url\":\"https:\/\/www.abgperitaciones.es\/wp-content\/uploads\/2023\/04\/Logo-ABG.png\",\"contentUrl\":\"https:\/\/www.abgperitaciones.es\/wp-content\/uploads\/2023\/04\/Logo-ABG.png\",\"width\":653,\"height\":110,\"caption\":\"ABG Peritaciones.com\"},\"image\":{\"@id\":\"https:\/\/www.abgperitaciones.es\/#\/schema\/logo\/image\/\"}}]}<\/script>\n<!-- \/ Yoast SEO Premium plugin. -->","yoast_head_json":{"title":"ABG - ABG Peritaciones","robots":{"index":"index","follow":"follow","max-snippet":"max-snippet:-1","max-image-preview":"max-image-preview:large","max-video-preview":"max-video-preview:-1"},"canonical":"https:\/\/www.abgperitaciones.es\/?page_id=11","og_locale":"es_ES","og_type":"article","og_title":"ABG","og_description":"ABG peritaciones Mi formaci\u00f3n: T\u00e9cnico superior en automoci\u00f3n Graduado en Derecho Perito judicial tasador de veh\u00edculos Perito judicial de tasaci\u00f3n inmobiliaria Perito judicial experto en reconstrucci\u00f3n de accidentes Perito judicial expertos en seguros Advice on comprehensive legal solutions proin gravida nibh vel velit auctor. Nemo enim ipsam voluptatem quia voluptas sit aspernatur aut odit aut &hellip; ABG Leer m\u00e1s &raquo;","og_url":"https:\/\/www.abgperitaciones.es\/?page_id=11","og_site_name":"ABG Peritaciones","article_modified_time":"2023-04-28T22:14:19+00:00","og_image":[{"url":"https:\/\/www.abgperitaciones.es\/wp-content\/uploads\/2023\/04\/albertogarciabarjolaweb.jpg"}],"twitter_card":"summary_large_image","twitter_misc":{"Tiempo de lectura":"1 minuto"},"schema":{"@context":"https:\/\/schema.org","@graph":[{"@type":"WebPage","@id":"https:\/\/www.abgperitaciones.es\/?page_id=11","url":"https:\/\/www.abgperitaciones.es\/?page_id=11","name":"ABG - ABG Peritaciones","isPartOf":{"@id":"https:\/\/www.abgperitaciones.es\/#website"},"datePublished":"2020-05-22T08:58:30+00:00","dateModified":"2023-04-28T22:14:19+00:00","breadcrumb":{"@id":"https:\/\/www.abgperitaciones.es\/?page_id=11#breadcrumb"},"inLanguage":"es","potentialAction":[{"@type":"ReadAction","target":["https:\/\/www.abgperitaciones.es\/?page_id=11"]}]},{"@type":"BreadcrumbList","@id":"https:\/\/www.abgperitaciones.es\/?page_id=11#breadcrumb","itemListElement":[{"@type":"ListItem","position":1,"name":"ABG Peritaciones","item":"https:\/\/www.abgperitaciones.es\/"},{"@type":"ListItem","position":2,"name":"ABG"}]},{"@type":"WebSite","@id":"https:\/\/www.abgperitaciones.es\/#website","url":"https:\/\/www.abgperitaciones.es\/","name":"ABG Peritaciones.com","description":"Perito profesional inmobiliario y veh\u00edculos","publisher":{"@id":"https:\/\/www.abgperitaciones.es\/#organization"},"potentialAction":[{"@type":"SearchAction","target":{"@type":"EntryPoint","urlTemplate":"https:\/\/www.abgperitaciones.es\/?s={search_term_string}"},"query-input":"required name=search_term_string"}],"inLanguage":"es"},{"@type":"Organization","@id":"https:\/\/www.abgperitaciones.es\/#organization","name":"ABG Peritaciones.com","url":"https:\/\/www.abgperitaciones.es\/","logo":{"@type":"ImageObject","inLanguage":"es","@id":"https:\/\/www.abgperitaciones.es\/#\/schema\/logo\/image\/","url":"https:\/\/www.abgperitaciones.es\/wp-content\/uploads\/2023\/04\/Logo-ABG.png","contentUrl":"https:\/\/www.abgperitaciones.es\/wp-content\/uploads\/2023\/04\/Logo-ABG.png","width":653,"height":110,"caption":"ABG Peritaciones.com"},"image":{"@id":"https:\/\/www.abgperitaciones.es\/#\/schema\/logo\/image\/"}}]}},"_links":{"self":[{"href":"https:\/\/www.abgperitaciones.es\/index.php?rest_route=\/wp\/v2\/pages\/11","targetHints":{"allow":["GET"]}}],"collection":[{"href":"https:\/\/www.abgperitaciones.es\/index.php?rest_route=\/wp\/v2\/pages"}],"about":[{"href":"https:\/\/www.abgperitaciones.es\/index.php?rest_route=\/wp\/v2\/types\/page"}],"author":[{"embeddable":true,"href":"https:\/\/www.abgperitaciones.es\/index.php?rest_route=\/wp\/v2\/users\/1"}],"replies":[{"embeddable":true,"href":"https:\/\/www.abgperitaciones.es\/index.php?rest_route=%2Fwp%2Fv2%2Fcomments&post=11"}],"version-history":[{"count":4,"href":"https:\/\/www.abgperitaciones.es\/index.php?rest_route=\/wp\/v2\/pages\/11\/revisions"}],"predecessor-version":[{"id":503,"href":"https:\/\/www.abgperitaciones.es\/index.php?rest_route=\/wp\/v2\/pages\/11\/revisions\/503"}],"wp:attachment":[{"href":"https:\/\/www.abgperitaciones.es\/index.php?rest_route=%2Fwp%2Fv2%2Fmedia&parent=11"}],"curies":[{"name":"wp","href":"https:\/\/api.w.org\/{rel}","templated":true}]}}